{"id":207,"date":"2018-03-22T14:27:55","date_gmt":"2018-03-22T12:27:55","guid":{"rendered":"https:\/\/msppu.org.ua\/yak-vstupyty-do-tovarystva\/"},"modified":"2025-04-22T12:34:51","modified_gmt":"2025-04-22T09:34:51","slug":"yak-vstupyty-do-tovarystva","status":"publish","type":"page","link":"https:\/\/msppu.org.ua\/pl\/yak-vstupyty-do-tovarystva\/","title":{"rendered":"Jak do\u0142\u0105czy\u0107 do Stowarzyszenia?"},"content":{"rendered":"<p style=\"font-weight: 400;\"><span style=\"color: #000000;\"><strong>Zapraszamy do kontaktu z naszym biurem. Mo\u017cemy pom\u00f3c w nast\u0119puj\u0105cych kwestiach:<\/strong><\/span><\/p>\n<p style=\"font-weight: 400;\">\u00a0-\u00a0\u00a0\u00a0\u00a0\u00a0\u00a0\u00a0\u00a0Konsultacje prawne i podatkowe \u2013 w oparciu o specjalist\u00f3w naszych firm-Cz\u0142onk\u00f3w,<\/p>\n<p style=\"font-weight: 400;\">-\u00a0\u00a0\u00a0\u00a0\u00a0\u00a0\u00a0\u00a0Organizacja szkole\u0144 i seminari\u00f3w,<\/p>\n<p style=\"font-weight: 400;\">-\u00a0\u00a0\u00a0\u00a0\u00a0\u00a0\u00a0\u00a0Kojarzenie firm oraz promocja Pa\u0144stwa oferty w\u015br\u00f3d firm cz\u0142onkowskich,<\/p>\n<p style=\"font-weight: 400;\">-\u00a0\u00a0\u00a0\u00a0\u00a0\u00a0\u00a0\u00a0Wsp\u00f3\u0142praca z organami konsularnymi i Ambasad\u0105 RP,<\/p>\n<p style=\"font-weight: 400;\">-\u00a0\u00a0\u00a0\u00a0\u00a0\u00a0\u00a0\u00a0Ochrona interes\u00f3w firm,<\/p>\n<p style=\"font-weight: 400;\">-\u00a0\u00a0\u00a0\u00a0\u00a0\u00a0\u00a0\u00a0Nauka j\u0119zyka polskiego dla pracownik\u00f3w firm,<\/p>\n<p style=\"font-weight: 400;\">-\u00a0\u00a0\u00a0\u00a0\u00a0\u00a0\u00a0\u00a0Ubezpieczenia,<\/p>\n<p style=\"font-weight: 400;\">-\u00a0\u00a0\u00a0\u00a0\u00a0\u00a0\u00a0\u00a0T\u0142umaczenia ustne i pisemne z \\na j\u0119zyki europejskie.<\/p>\n<p>\u017beby zosta\u0107 Cz\u0142onkiem MSPPU, nale\u017cy wype\u0142ni\u0107 wniosek\u00a0(<a href=\"https:\/\/drive.google.com\/drive\/folders\/1DsCzgHw-mI4hLZQo-YDGIQ2u5HPu-3Qn\"><strong>formularz wniosku<\/strong><\/a>)\u00a0oraz przes\u0142a\u0107 go do naszego biura wraz z kopi\u0105 dokument\u00f3w rejestracyjnych Sp\u00f3\u0142ki (w przypadku, gdy o\u00a0cz\u0142onkostwo ubiega si\u0119 osoba prawna). Po akceptacji wniosku przez dw\u00f3ch Cz\u0142onk\u00f3w Zarz\u0105du, poinformujemy Pa\u0144stwa o\u00a0pozytywnej decyzji wraz z przes\u0142aniem kopi dokument\u00f3w rejestracyjnych MSPPU. Po op\u0142aceniu sk\u0142adek cz\u0142onkowskich mog\u0105 Pa\u0144stwo korzysta\u0107 z upust\u00f3w oraz wszelkich udogodnie\u0144 przewidzianych dla Cz\u0142onk\u00f3w MSPPU.<\/p>\n","protected":false},"excerpt":{"rendered":"<p>Zapraszamy do kontaktu z naszym biurem. Mo\u017cemy pom\u00f3c w nast\u0119puj\u0105cych kwestiach: \u00a0-\u00a0\u00a0\u00a0\u00a0\u00a0\u00a0\u00a0\u00a0Konsultacje prawne i podatkowe \u2013 w oparciu o specjalist\u00f3w naszych firm-Cz\u0142onk\u00f3w, -\u00a0\u00a0\u00a0\u00a0\u00a0\u00a0\u00a0\u00a0Organizacja szkole\u0144 i seminari\u00f3w, -\u00a0\u00a0\u00a0\u00a0\u00a0\u00a0\u00a0\u00a0Kojarzenie firm oraz promocja Pa\u0144stwa oferty w\u015br\u00f3d firm cz\u0142onkowskich, -\u00a0\u00a0\u00a0\u00a0\u00a0\u00a0\u00a0\u00a0Wsp\u00f3\u0142praca z organami konsularnymi i Ambasad\u0105 RP, -\u00a0\u00a0\u00a0\u00a0\u00a0\u00a0\u00a0\u00a0Ochrona interes\u00f3w firm, -\u00a0\u00a0\u00a0\u00a0\u00a0\u00a0\u00a0\u00a0Nauka j\u0119zyka polskiego dla pracownik\u00f3w firm, -\u00a0\u00a0\u00a0\u00a0\u00a0\u00a0\u00a0\u00a0Ubezpieczenia, -\u00a0\u00a0\u00a0\u00a0\u00a0\u00a0\u00a0\u00a0T\u0142umaczenia ustne i [&hellip;]<\/p>\n","protected":false},"author":1,"featured_media":0,"parent":0,"menu_order":0,"comment_status":"closed","ping_status":"closed","template":"","meta":{"_acf_changed":false,"footnotes":""},"class_list":["post-207","page","type-page","status-publish","hentry"],"acf":[],"_links":{"self":[{"href":"https:\/\/msppu.org.ua\/pl\/wp-json\/wp\/v2\/pages\/207","targetHints":{"allow":["GET"]}}],"collection":[{"href":"https:\/\/msppu.org.ua\/pl\/wp-json\/wp\/v2\/pages"}],"about":[{"href":"https:\/\/msppu.org.ua\/pl\/wp-json\/wp\/v2\/types\/page"}],"author":[{"embeddable":true,"href":"https:\/\/msppu.org.ua\/pl\/wp-json\/wp\/v2\/users\/1"}],"replies":[{"embeddable":true,"href":"https:\/\/msppu.org.ua\/pl\/wp-json\/wp\/v2\/comments?post=207"}],"version-history":[{"count":0,"href":"https:\/\/msppu.org.ua\/pl\/wp-json\/wp\/v2\/pages\/207\/revisions"}],"wp:attachment":[{"href":"https:\/\/msppu.org.ua\/pl\/wp-json\/wp\/v2\/media?parent=207"}],"curies":[{"name":"wp","href":"https:\/\/api.w.org\/{rel}","templated":true}]}}