{"id":166,"date":"2018-03-28T15:57:09","date_gmt":"2018-03-28T12:57:09","guid":{"rendered":"https:\/\/msppu.org.ua\/kalendar-podij\/"},"modified":"2020-01-31T17:25:17","modified_gmt":"2020-01-31T15:25:17","slug":"kalendar-podij","status":"publish","type":"page","link":"https:\/\/msppu.org.ua\/pl\/kalendar-podij\/","title":{"rendered":"Kalendarz wydarze\u0144"},"content":{"rendered":"<p><strong>MSPPU przeprowadza oficjalne i nieoficjalne spotkania, konferencje i seminaria.<\/strong><\/p>\n<p>O nadchodz\u0105cych wydarzeniach mo\u017cna dowiedzie\u0107 si\u0119 korzystaj\u0105c z kalendarza.<\/p>\n","protected":false},"excerpt":{"rendered":"<p>MSPPU przeprowadza oficjalne i nieoficjalne spotkania, konferencje i seminaria. O nadchodz\u0105cych wydarzeniach mo\u017cna dowiedzie\u0107 si\u0119 korzystaj\u0105c z kalendarza.<\/p>\n","protected":false},"author":1,"featured_media":0,"parent":0,"menu_order":1,"comment_status":"closed","ping_status":"closed","template":"","meta":{"_acf_changed":false,"footnotes":""},"class_list":["post-166","page","type-page","status-publish","hentry"],"acf":[],"_links":{"self":[{"href":"https:\/\/msppu.org.ua\/pl\/wp-json\/wp\/v2\/pages\/166","targetHints":{"allow":["GET"]}}],"collection":[{"href":"https:\/\/msppu.org.ua\/pl\/wp-json\/wp\/v2\/pages"}],"about":[{"href":"https:\/\/msppu.org.ua\/pl\/wp-json\/wp\/v2\/types\/page"}],"author":[{"embeddable":true,"href":"https:\/\/msppu.org.ua\/pl\/wp-json\/wp\/v2\/users\/1"}],"replies":[{"embeddable":true,"href":"https:\/\/msppu.org.ua\/pl\/wp-json\/wp\/v2\/comments?post=166"}],"version-history":[{"count":0,"href":"https:\/\/msppu.org.ua\/pl\/wp-json\/wp\/v2\/pages\/166\/revisions"}],"wp:attachment":[{"href":"https:\/\/msppu.org.ua\/pl\/wp-json\/wp\/v2\/media?parent=166"}],"curies":[{"name":"wp","href":"https:\/\/api.w.org\/{rel}","templated":true}]}}