{"id":13084,"date":"2020-03-06T13:36:11","date_gmt":"2020-03-06T11:36:11","guid":{"rendered":"https:\/\/msppu.org.ua\/?page_id=13084"},"modified":"2020-03-06T13:36:11","modified_gmt":"2020-03-06T11:36:11","slug":"uslugi-targowe","status":"publish","type":"page","link":"https:\/\/msppu.org.ua\/pl\/uslugi-targowe\/","title":{"rendered":"Us\u0142ugi targowe"},"content":{"rendered":"<p><img loading=\"lazy\" decoding=\"async\" class=\"aligncenter wp-image-13085\" src=\"https:\/\/msppu.org.ua\/wp-content\/uploads\/2020\/03\/42545454545-300x97.png\" alt=\"\" width=\"940\" height=\"303\" srcset=\"https:\/\/msppu.org.ua\/wp-content\/uploads\/2020\/03\/42545454545-300x97.png 300w, https:\/\/msppu.org.ua\/wp-content\/uploads\/2020\/03\/42545454545-155x50.png 155w, https:\/\/msppu.org.ua\/wp-content\/uploads\/2020\/03\/42545454545.png 713w\" sizes=\"auto, (max-width: 940px) 100vw, 940px\" \/><\/p>\n<p style=\"text-align: justify;\">Wszelkie dzia\u0142ania marketingowe i reklamowe buduj\u0105 pozytywny wizerunek marki w oczach klient\u00f3w oraz kontrahent\u00f3w. Targi i wystawy s\u0105 natomiast doskona\u0142\u0105 okazj\u0105 do nawi\u0105zywania nowych i podtrzymania istniej\u0105cych kontakt\u00f3w biznesowych oraz do prezentacji firmy przed szerok\u0105 publiczno\u015bci\u0105. Z tego wzgl\u0119du nasze Stowarzyszenie oferuje przedsi\u0119biorcom targowe us\u0142ugi promocyjne. Przygotujemy przegl\u0105d imprez wystawienniczych na Ukrainie, w Polsce oraz innych krajach. Doradzimy wyb\u00f3r odpowiednich dla Pa\u0144stwa firmy. Dokonamy wszystkich formalno\u015bci zwi\u0105zanych z uczestnictwem w targach. Zapewniamy organizacj\u0119 stoiska, w tym jego wyposa\u017cenie. Przygotujemy materia\u0142y reklamowe oraz \u2013 w razie potrzeby \u2013 oferujemy ich t\u0142umaczenie na j\u0119zyk obcy (polski, ukrai\u0144ski, rosyjski, angielski).<\/p>\n","protected":false},"excerpt":{"rendered":"<p>Wszelkie dzia\u0142ania marketingowe i reklamowe buduj\u0105 pozytywny wizerunek marki w oczach klient\u00f3w oraz kontrahent\u00f3w. Targi i wystawy s\u0105 natomiast doskona\u0142\u0105 okazj\u0105 do nawi\u0105zywania nowych i podtrzymania istniej\u0105cych kontakt\u00f3w biznesowych oraz do prezentacji firmy przed szerok\u0105 publiczno\u015bci\u0105. Z tego wzgl\u0119du nasze Stowarzyszenie oferuje przedsi\u0119biorcom targowe us\u0142ugi promocyjne. Przygotujemy przegl\u0105d imprez wystawienniczych na Ukrainie, w Polsce oraz [&hellip;]<\/p>\n","protected":false},"author":3,"featured_media":0,"parent":0,"menu_order":0,"comment_status":"closed","ping_status":"closed","template":"","meta":{"_acf_changed":false,"footnotes":""},"class_list":["post-13084","page","type-page","status-publish","hentry"],"acf":[],"_links":{"self":[{"href":"https:\/\/msppu.org.ua\/pl\/wp-json\/wp\/v2\/pages\/13084","targetHints":{"allow":["GET"]}}],"collection":[{"href":"https:\/\/msppu.org.ua\/pl\/wp-json\/wp\/v2\/pages"}],"about":[{"href":"https:\/\/msppu.org.ua\/pl\/wp-json\/wp\/v2\/types\/page"}],"author":[{"embeddable":true,"href":"https:\/\/msppu.org.ua\/pl\/wp-json\/wp\/v2\/users\/3"}],"replies":[{"embeddable":true,"href":"https:\/\/msppu.org.ua\/pl\/wp-json\/wp\/v2\/comments?post=13084"}],"version-history":[{"count":0,"href":"https:\/\/msppu.org.ua\/pl\/wp-json\/wp\/v2\/pages\/13084\/revisions"}],"wp:attachment":[{"href":"https:\/\/msppu.org.ua\/pl\/wp-json\/wp\/v2\/media?parent=13084"}],"curies":[{"name":"wp","href":"https:\/\/api.w.org\/{rel}","templated":true}]}}