{"id":13079,"date":"2020-03-06T13:28:41","date_gmt":"2020-03-06T11:28:41","guid":{"rendered":"https:\/\/msppu.org.ua\/?page_id=13079"},"modified":"2020-03-06T13:29:41","modified_gmt":"2020-03-06T11:29:41","slug":"organizacja-misji-konferencji-seminariow","status":"publish","type":"page","link":"https:\/\/msppu.org.ua\/pl\/organizacja-misji-konferencji-seminariow\/","title":{"rendered":"Organizacja misji, konferencji, seminari\u00f3w"},"content":{"rendered":"<p><img loading=\"lazy\" decoding=\"async\" class=\"aligncenter wp-image-13080\" src=\"https:\/\/msppu.org.ua\/wp-content\/uploads\/2020\/03\/64439456_2364786403751014_6397271122156453888_o-300x199.jpg\" alt=\"\" width=\"940\" height=\"622\" srcset=\"https:\/\/msppu.org.ua\/wp-content\/uploads\/2020\/03\/64439456_2364786403751014_6397271122156453888_o-300x199.jpg 300w, https:\/\/msppu.org.ua\/wp-content\/uploads\/2020\/03\/64439456_2364786403751014_6397271122156453888_o-768x509.jpg 768w, https:\/\/msppu.org.ua\/wp-content\/uploads\/2020\/03\/64439456_2364786403751014_6397271122156453888_o-1024x678.jpg 1024w, https:\/\/msppu.org.ua\/wp-content\/uploads\/2020\/03\/64439456_2364786403751014_6397271122156453888_o-155x103.jpg 155w, https:\/\/msppu.org.ua\/wp-content\/uploads\/2020\/03\/64439456_2364786403751014_6397271122156453888_o.jpg 2048w\" sizes=\"auto, (max-width: 940px) 100vw, 940px\" \/><\/p>\n<p>Posiadamy wieloletnie do\u015bwiadczenie w organizacji r\u00f3\u017cnego rodzaju wydarze\u0144 zwi\u0105zanych ze wsp\u00f3\u0142prac\u0105 polsko-ukrai\u0144sk\u0105. Przyk\u0142adowe formy organizowanych przez nas spotka\u0144 to:<\/p>\n<ul>\n<li>misje gospodarcze<\/li>\n<li>konferencje dotycz\u0105ce handlu i inwestycji<\/li>\n<li>seminaria<\/li>\n<li>spotkania z\u00a0przedstawicielami administracji rz\u0105dowej, samorz\u0105dowej, prezesami firm, w\u0142a\u015bcicielami prywatnego biznesu, reprezentantami instytucji finansowych, specjalistami z\u00a0r\u00f3\u017cnych sektor\u00f3w<\/li>\n<li>szkolenia<\/li>\n<li>\u015bniadania biznesowe<\/li>\n<li>spotkania B2B.<\/li>\n<\/ul>\n<p>Proponujemy programy szkoleniowe skierowane do os\u00f3b zar\u00f3wno rozpoczynaj\u0105cych, jak i prowadz\u0105cych ju\u017c dzia\u0142alno\u015b\u0107 gospodarcz\u0105 na terytorium Ukrainy. Zakresy i tematyka szkole\u0144 s\u0105 dostosowywane do potrzeb i oczekiwa\u0144 Cz\u0142onk\u00f3w MSPPU.<\/p>\n<p>Organizujemy oraz wsp\u00f3\u0142organizujemy z naszymi partnerami misje gospodarcze dla polskich i ukrai\u0144skich przedsi\u0119biorc\u00f3w. W ich trakcie odbywaj\u0105 si\u0119 rozmowy biznesowe, rozmowy B2B, wizyty na targach i wizyty w firmach\/przedsi\u0119biorstwach.<\/p>\n<p>Organizujemy liczne seminaria, prezentacje, konferencje i spotkania networkingowe po\u015bwi\u0119cone aktualnej tematyce gospodarczej, handlowej, prawnej, finansowej czy problemom biznesowym. Cz\u0142onkowie MSPPU mog\u0105 r\u00f3wnie\u017c zg\u0142asza\u0107 swoje pomys\u0142y na tematyk\u0119 spotka\u0144.<\/p>\n<p>Udzia\u0142 w konferencjach, seminariach, szkoleniach, spotkaniach formalnych i nieformalnych organizowanych przez MSPPU oraz naszych partner\u00f3w jest znakomit\u0105 okazj\u0105 do nawi\u0105zywania nowych kontakt\u00f3w biznesowych, wymiany do\u015bwiadcze\u0144 i kojarzenia biznes-partner\u00f3w.<\/p>\n<p>&nbsp;<\/p>\n<p><a href=\"https:\/\/msppu.org.ua\/pl\/yak-vstupyty-do-tovarystva\/\"><img loading=\"lazy\" decoding=\"async\" class=\"aligncenter wp-image-13013 size-medium\" src=\"https:\/\/msppu.org.ua\/wp-content\/uploads\/2020\/02\/1-300x217.jpg\" alt=\"\" width=\"300\" height=\"217\" srcset=\"https:\/\/msppu.org.ua\/wp-content\/uploads\/2020\/02\/1-300x217.jpg 300w, https:\/\/msppu.org.ua\/wp-content\/uploads\/2020\/02\/1-155x112.jpg 155w, https:\/\/msppu.org.ua\/wp-content\/uploads\/2020\/02\/1.jpg 603w\" sizes=\"auto, (max-width: 300px) 100vw, 300px\" \/><\/a><\/p>\n","protected":false},"excerpt":{"rendered":"<p>Posiadamy wieloletnie do\u015bwiadczenie w organizacji r\u00f3\u017cnego rodzaju wydarze\u0144 zwi\u0105zanych ze wsp\u00f3\u0142prac\u0105 polsko-ukrai\u0144sk\u0105. Przyk\u0142adowe formy organizowanych przez nas spotka\u0144 to: misje gospodarcze konferencje dotycz\u0105ce handlu i inwestycji seminaria spotkania z\u00a0przedstawicielami administracji rz\u0105dowej, samorz\u0105dowej, prezesami firm, w\u0142a\u015bcicielami prywatnego biznesu, reprezentantami instytucji finansowych, specjalistami z\u00a0r\u00f3\u017cnych sektor\u00f3w szkolenia \u015bniadania biznesowe spotkania B2B. Proponujemy programy szkoleniowe skierowane do os\u00f3b zar\u00f3wno [&hellip;]<\/p>\n","protected":false},"author":3,"featured_media":0,"parent":0,"menu_order":0,"comment_status":"closed","ping_status":"closed","template":"","meta":{"_acf_changed":false,"footnotes":""},"class_list":["post-13079","page","type-page","status-publish","hentry"],"acf":[],"_links":{"self":[{"href":"https:\/\/msppu.org.ua\/pl\/wp-json\/wp\/v2\/pages\/13079","targetHints":{"allow":["GET"]}}],"collection":[{"href":"https:\/\/msppu.org.ua\/pl\/wp-json\/wp\/v2\/pages"}],"about":[{"href":"https:\/\/msppu.org.ua\/pl\/wp-json\/wp\/v2\/types\/page"}],"author":[{"embeddable":true,"href":"https:\/\/msppu.org.ua\/pl\/wp-json\/wp\/v2\/users\/3"}],"replies":[{"embeddable":true,"href":"https:\/\/msppu.org.ua\/pl\/wp-json\/wp\/v2\/comments?post=13079"}],"version-history":[{"count":0,"href":"https:\/\/msppu.org.ua\/pl\/wp-json\/wp\/v2\/pages\/13079\/revisions"}],"wp:attachment":[{"href":"https:\/\/msppu.org.ua\/pl\/wp-json\/wp\/v2\/media?parent=13079"}],"curies":[{"name":"wp","href":"https:\/\/api.w.org\/{rel}","templated":true}]}}