{"id":13068,"date":"2020-03-06T10:22:20","date_gmt":"2020-03-06T08:22:20","guid":{"rendered":"https:\/\/msppu.org.ua\/?page_id=13068"},"modified":"2020-03-06T13:45:17","modified_gmt":"2020-03-06T11:45:17","slug":"doradztwo-prawne-i-podatkowe","status":"publish","type":"page","link":"https:\/\/msppu.org.ua\/pl\/doradztwo-prawne-i-podatkowe\/","title":{"rendered":"Doradztwo prawne i podatkowe"},"content":{"rendered":"<p><img loading=\"lazy\" decoding=\"async\" class=\"aligncenter wp-image-13069\" src=\"https:\/\/msppu.org.ua\/wp-content\/uploads\/2020\/03\/25073488_2028627280700263_5747108858776243140_o-300x200.jpg\" alt=\"\" width=\"940\" height=\"627\" srcset=\"https:\/\/msppu.org.ua\/wp-content\/uploads\/2020\/03\/25073488_2028627280700263_5747108858776243140_o-300x200.jpg 300w, https:\/\/msppu.org.ua\/wp-content\/uploads\/2020\/03\/25073488_2028627280700263_5747108858776243140_o-768x512.jpg 768w, https:\/\/msppu.org.ua\/wp-content\/uploads\/2020\/03\/25073488_2028627280700263_5747108858776243140_o-1024x683.jpg 1024w, https:\/\/msppu.org.ua\/wp-content\/uploads\/2020\/03\/25073488_2028627280700263_5747108858776243140_o-400x268.jpg 400w, https:\/\/msppu.org.ua\/wp-content\/uploads\/2020\/03\/25073488_2028627280700263_5747108858776243140_o-155x103.jpg 155w, https:\/\/msppu.org.ua\/wp-content\/uploads\/2020\/03\/25073488_2028627280700263_5747108858776243140_o.jpg 2048w\" sizes=\"auto, (max-width: 940px) 100vw, 940px\" \/><\/p>\n<p style=\"text-align: justify;\">W obliczu dynamicznie zmieniaj\u0105cych si\u0119 akt\u00f3w prawnych na Ukrainie, profesjonalna obs\u0142uga prawna i podatkowa jest niezb\u0119dnym elementem ka\u017cdej dobrze funkcjonuj\u0105cej firmy. Z tego wzgl\u0119du MSPPU oferuje doradztwo zar\u00f3wno prawne, jak i podatkowe. Pomagamy w przygotowywaniu r\u00f3\u017cnego rodzaju dokument\u00f3w dot. prowadzenia dzia\u0142alno\u015bci gospodarczej na terytorium Ukrainy, jak r\u00f3wnie\u017c innych, np. celem otrzymania wiz Schengen, wiz roboczych dla pracownik\u00f3w firm, pozwole\u0144 na prac\u0119, licencji itp. Doradzamy w sprawach zwi\u0105zanych z zatrudnieniem na Ukrainie i w Polsce. Naszym Cz\u0142onkom oferujemy udzia\u0142 w systematycznie organizowanych wraz z Partnerami MSPPU szkoleniach nt. aktualnych tendencji w prawie ukrai\u0144skim, istotnych dla \u015brodowiska biznesowego zmian, nowych mo\u017cliwo\u015bci b\u0105d\u017a problem\u00f3w, kwestii zam\u00f3wie\u0144 publicznych na Ukrainie czy aspekt\u00f3w podatkowych.<\/p>\n","protected":false},"excerpt":{"rendered":"<p>W obliczu dynamicznie zmieniaj\u0105cych si\u0119 akt\u00f3w prawnych na Ukrainie, profesjonalna obs\u0142uga prawna i podatkowa jest niezb\u0119dnym elementem ka\u017cdej dobrze funkcjonuj\u0105cej firmy. Z tego wzgl\u0119du MSPPU oferuje doradztwo zar\u00f3wno prawne, jak i podatkowe. Pomagamy w przygotowywaniu r\u00f3\u017cnego rodzaju dokument\u00f3w dot. prowadzenia dzia\u0142alno\u015bci gospodarczej na terytorium Ukrainy, jak r\u00f3wnie\u017c innych, np. celem otrzymania wiz Schengen, wiz roboczych [&hellip;]<\/p>\n","protected":false},"author":3,"featured_media":0,"parent":0,"menu_order":0,"comment_status":"closed","ping_status":"closed","template":"","meta":{"_acf_changed":false,"footnotes":""},"class_list":["post-13068","page","type-page","status-publish","hentry"],"acf":[],"_links":{"self":[{"href":"https:\/\/msppu.org.ua\/pl\/wp-json\/wp\/v2\/pages\/13068","targetHints":{"allow":["GET"]}}],"collection":[{"href":"https:\/\/msppu.org.ua\/pl\/wp-json\/wp\/v2\/pages"}],"about":[{"href":"https:\/\/msppu.org.ua\/pl\/wp-json\/wp\/v2\/types\/page"}],"author":[{"embeddable":true,"href":"https:\/\/msppu.org.ua\/pl\/wp-json\/wp\/v2\/users\/3"}],"replies":[{"embeddable":true,"href":"https:\/\/msppu.org.ua\/pl\/wp-json\/wp\/v2\/comments?post=13068"}],"version-history":[{"count":0,"href":"https:\/\/msppu.org.ua\/pl\/wp-json\/wp\/v2\/pages\/13068\/revisions"}],"wp:attachment":[{"href":"https:\/\/msppu.org.ua\/pl\/wp-json\/wp\/v2\/media?parent=13068"}],"curies":[{"name":"wp","href":"https:\/\/api.w.org\/{rel}","templated":true}]}}