{"id":13061,"date":"2020-03-06T10:11:07","date_gmt":"2020-03-06T08:11:07","guid":{"rendered":"https:\/\/msppu.org.ua\/?page_id=13061"},"modified":"2020-03-06T10:11:07","modified_gmt":"2020-03-06T08:11:07","slug":"doradztwo-biznesowe","status":"publish","type":"page","link":"https:\/\/msppu.org.ua\/pl\/doradztwo-biznesowe\/","title":{"rendered":"Doradztwo biznesowe"},"content":{"rendered":"<p><img loading=\"lazy\" decoding=\"async\" class=\"aligncenter wp-image-13062\" src=\"https:\/\/msppu.org.ua\/wp-content\/uploads\/2020\/03\/25073480_2028627334033591_3893508199212208002_o-1024x683.jpg\" alt=\"\" width=\"940\" height=\"627\" srcset=\"https:\/\/msppu.org.ua\/wp-content\/uploads\/2020\/03\/25073480_2028627334033591_3893508199212208002_o-1024x683.jpg 1024w, https:\/\/msppu.org.ua\/wp-content\/uploads\/2020\/03\/25073480_2028627334033591_3893508199212208002_o-300x200.jpg 300w, https:\/\/msppu.org.ua\/wp-content\/uploads\/2020\/03\/25073480_2028627334033591_3893508199212208002_o-768x512.jpg 768w, https:\/\/msppu.org.ua\/wp-content\/uploads\/2020\/03\/25073480_2028627334033591_3893508199212208002_o-400x268.jpg 400w, https:\/\/msppu.org.ua\/wp-content\/uploads\/2020\/03\/25073480_2028627334033591_3893508199212208002_o-155x103.jpg 155w, https:\/\/msppu.org.ua\/wp-content\/uploads\/2020\/03\/25073480_2028627334033591_3893508199212208002_o.jpg 2048w\" sizes=\"auto, (max-width: 940px) 100vw, 940px\" \/><\/p>\n<p style=\"text-align: justify;\">Dostarczamy niezb\u0119dne informacje biznesowe. Przygotowujemy aktualne analizy rynkowe. Wspieramy w pokonywaniu biznesowych wyzwa\u0144. Nowym firmom\/przedsi\u0119biorcom ch\u0119tnym inwestowa\u0107 na Ukrainie oferujemy pomoc w zakresie zak\u0142adania i prowadzenia dzia\u0142alno\u015bci gospodarczej. Wsp\u00f3\u0142pracujemy przy tworzeniu strategii wej\u015bcia na rynek ukrai\u0144ski. Korzystaj\u0105c z\u00a0naszej w\u0142asnej wiedzy oraz\u00a0do\u015bwiadczenia naszych partner\u00f3w znajdziemy najlepsze rozwi\u0105zanie dla Twojej\u00a0firmy. Naszym Cz\u0142onkom pomagamy w rozwi\u0105zywaniu wszelkich problem\u00f3w, poszukiwaniu ich przyczyn oraz sposob\u00f3w usuni\u0119cia. Organizujemy spotkania biznesowe z przedsi\u0119biorcami odnosz\u0105cymi od wielu lat sukcesy na rynku ukrai\u0144skim celem wymiany do\u015bwiadcze\u0144. Kszta\u0142tujemy wsp\u00f3\u0142prac\u0119 z przedstawicielami struktur rz\u0105dowych, biznesowych, spo\u0142ecznych i mi\u0119dzynarodowych w sprawach zwi\u0105zanych ze wsp\u00f3\u0142prac\u0105 gospodarcz\u0105 mi\u0119dzy Ukrain\u0105 i Polsk\u0105.<\/p>\n","protected":false},"excerpt":{"rendered":"<p>Dostarczamy niezb\u0119dne informacje biznesowe. Przygotowujemy aktualne analizy rynkowe. Wspieramy w pokonywaniu biznesowych wyzwa\u0144. Nowym firmom\/przedsi\u0119biorcom ch\u0119tnym inwestowa\u0107 na Ukrainie oferujemy pomoc w zakresie zak\u0142adania i prowadzenia dzia\u0142alno\u015bci gospodarczej. Wsp\u00f3\u0142pracujemy przy tworzeniu strategii wej\u015bcia na rynek ukrai\u0144ski. Korzystaj\u0105c z\u00a0naszej w\u0142asnej wiedzy oraz\u00a0do\u015bwiadczenia naszych partner\u00f3w znajdziemy najlepsze rozwi\u0105zanie dla Twojej\u00a0firmy. Naszym Cz\u0142onkom pomagamy w rozwi\u0105zywaniu wszelkich problem\u00f3w, [&hellip;]<\/p>\n","protected":false},"author":3,"featured_media":0,"parent":0,"menu_order":0,"comment_status":"closed","ping_status":"closed","template":"","meta":{"_acf_changed":false,"footnotes":""},"class_list":["post-13061","page","type-page","status-publish","hentry"],"acf":[],"_links":{"self":[{"href":"https:\/\/msppu.org.ua\/pl\/wp-json\/wp\/v2\/pages\/13061","targetHints":{"allow":["GET"]}}],"collection":[{"href":"https:\/\/msppu.org.ua\/pl\/wp-json\/wp\/v2\/pages"}],"about":[{"href":"https:\/\/msppu.org.ua\/pl\/wp-json\/wp\/v2\/types\/page"}],"author":[{"embeddable":true,"href":"https:\/\/msppu.org.ua\/pl\/wp-json\/wp\/v2\/users\/3"}],"replies":[{"embeddable":true,"href":"https:\/\/msppu.org.ua\/pl\/wp-json\/wp\/v2\/comments?post=13061"}],"version-history":[{"count":0,"href":"https:\/\/msppu.org.ua\/pl\/wp-json\/wp\/v2\/pages\/13061\/revisions"}],"wp:attachment":[{"href":"https:\/\/msppu.org.ua\/pl\/wp-json\/wp\/v2\/media?parent=13061"}],"curies":[{"name":"wp","href":"https:\/\/api.w.org\/{rel}","templated":true}]}}