{"id":13041,"date":"2020-03-04T15:56:53","date_gmt":"2020-03-04T13:56:53","guid":{"rendered":"https:\/\/msppu.org.ua\/?page_id=13041"},"modified":"2020-03-06T13:44:08","modified_gmt":"2020-03-06T11:44:08","slug":"pozyskiwanie-partnerow-i-klientow-biznesowych","status":"publish","type":"page","link":"https:\/\/msppu.org.ua\/pl\/pozyskiwanie-partnerow-i-klientow-biznesowych\/","title":{"rendered":"Pozyskiwanie partner\u00f3w i klient\u00f3w biznesowych"},"content":{"rendered":"<p><img loading=\"lazy\" decoding=\"async\" class=\"aligncenter wp-image-13042\" src=\"https:\/\/msppu.org.ua\/wp-content\/uploads\/2020\/03\/1P2A0343-1024x683.jpg\" alt=\"\" width=\"940\" height=\"627\" srcset=\"https:\/\/msppu.org.ua\/wp-content\/uploads\/2020\/03\/1P2A0343-1024x683.jpg 1024w, https:\/\/msppu.org.ua\/wp-content\/uploads\/2020\/03\/1P2A0343-300x200.jpg 300w, https:\/\/msppu.org.ua\/wp-content\/uploads\/2020\/03\/1P2A0343-768x512.jpg 768w, https:\/\/msppu.org.ua\/wp-content\/uploads\/2020\/03\/1P2A0343-400x268.jpg 400w, https:\/\/msppu.org.ua\/wp-content\/uploads\/2020\/03\/1P2A0343-155x103.jpg 155w, https:\/\/msppu.org.ua\/wp-content\/uploads\/2020\/03\/1P2A0343.jpg 5575w\" sizes=\"auto, (max-width: 940px) 100vw, 940px\" \/><\/p>\n<p style=\"text-align: justify;\">Nasze Stowarzyszenie oferuje pomoc w nawi\u0105zywaniu polsko-ukrai\u0144skich kontakt\u00f3w biznesowych. Jest to bowiem najbardziej efektywna forma pozyskiwania rzetelnych partner\u00f3w oraz klient\u00f3w. Wa\u017cna zar\u00f3wno dla przedsi\u0119biorc\u00f3w dopiero wchodz\u0105cych na rynek ukrai\u0144ski, jak i ju\u017c na nim istniej\u0105cych. Kojarzymy firmy poprzez organizacj\u0119 r\u00f3\u017cnego rodzaju spotka\u0144: szkole\u0144, \u015bniada\u0144 biznesowych, spotka\u0144 B2B, konferencji itp. K\u0142adziemy du\u017cy nacisk na networking. Umo\u017cliwiamy dost\u0119p do aktualnej bazy danych naszych Cz\u0142onk\u00f3w oraz sympatyk\u00f3w MSPPU. Zapewniamy promocj\u0119 Pa\u0144stwa oferty w\u015br\u00f3d firm cz\u0142onkowskich. Tworzymy wzajemnie wspieraj\u0105ce si\u0119 \u015brodowisko polskich przedsi\u0119biorc\u00f3w na Ukrainie.<\/p>\n","protected":false},"excerpt":{"rendered":"<p>Nasze Stowarzyszenie oferuje pomoc w nawi\u0105zywaniu polsko-ukrai\u0144skich kontakt\u00f3w biznesowych. Jest to bowiem najbardziej efektywna forma pozyskiwania rzetelnych partner\u00f3w oraz klient\u00f3w. Wa\u017cna zar\u00f3wno dla przedsi\u0119biorc\u00f3w dopiero wchodz\u0105cych na rynek ukrai\u0144ski, jak i ju\u017c na nim istniej\u0105cych. Kojarzymy firmy poprzez organizacj\u0119 r\u00f3\u017cnego rodzaju spotka\u0144: szkole\u0144, \u015bniada\u0144 biznesowych, spotka\u0144 B2B, konferencji itp. K\u0142adziemy du\u017cy nacisk na networking. Umo\u017cliwiamy [&hellip;]<\/p>\n","protected":false},"author":3,"featured_media":0,"parent":0,"menu_order":0,"comment_status":"closed","ping_status":"closed","template":"","meta":{"_acf_changed":false,"footnotes":""},"class_list":["post-13041","page","type-page","status-publish","hentry"],"acf":[],"_links":{"self":[{"href":"https:\/\/msppu.org.ua\/pl\/wp-json\/wp\/v2\/pages\/13041","targetHints":{"allow":["GET"]}}],"collection":[{"href":"https:\/\/msppu.org.ua\/pl\/wp-json\/wp\/v2\/pages"}],"about":[{"href":"https:\/\/msppu.org.ua\/pl\/wp-json\/wp\/v2\/types\/page"}],"author":[{"embeddable":true,"href":"https:\/\/msppu.org.ua\/pl\/wp-json\/wp\/v2\/users\/3"}],"replies":[{"embeddable":true,"href":"https:\/\/msppu.org.ua\/pl\/wp-json\/wp\/v2\/comments?post=13041"}],"version-history":[{"count":0,"href":"https:\/\/msppu.org.ua\/pl\/wp-json\/wp\/v2\/pages\/13041\/revisions"}],"wp:attachment":[{"href":"https:\/\/msppu.org.ua\/pl\/wp-json\/wp\/v2\/media?parent=13041"}],"curies":[{"name":"wp","href":"https:\/\/api.w.org\/{rel}","templated":true}]}}