{"id":12705,"date":"2020-01-31T17:12:02","date_gmt":"2020-01-31T15:12:02","guid":{"rendered":"https:\/\/msppu.org.ua\/?page_id=12705"},"modified":"2020-03-05T14:47:10","modified_gmt":"2020-03-05T12:47:10","slug":"kim-jestesmy","status":"publish","type":"page","link":"https:\/\/msppu.org.ua\/pl\/kim-jestesmy\/","title":{"rendered":"Kim jeste\u015bmy"},"content":{"rendered":"<p><img loading=\"lazy\" decoding=\"async\" class=\"aligncenter wp-image-12996 size-large\" src=\"https:\/\/msppu.org.ua\/wp-content\/uploads\/2020\/02\/Zapysaty-1024x742.jpg\" alt=\"\" width=\"640\" height=\"464\" srcset=\"https:\/\/msppu.org.ua\/wp-content\/uploads\/2020\/02\/Zapysaty-1024x742.jpg 1024w, https:\/\/msppu.org.ua\/wp-content\/uploads\/2020\/02\/Zapysaty-300x217.jpg 300w, https:\/\/msppu.org.ua\/wp-content\/uploads\/2020\/02\/Zapysaty-768x557.jpg 768w, https:\/\/msppu.org.ua\/wp-content\/uploads\/2020\/02\/Zapysaty-155x112.jpg 155w, https:\/\/msppu.org.ua\/wp-content\/uploads\/2020\/02\/Zapysaty.jpg 1086w\" sizes=\"auto, (max-width: 640px) 100vw, 640px\" \/><\/p>\n<p style=\"text-align: justify;\"><span style=\"color: #000000;\">Stowarzyszenie jest platform\u0105, w oparciu o kt\u00f3r\u0105 Polacy, pracuj\u0105cy w sp\u00f3\u0142kach z\u00a0udzia\u0142em kapita\u0142u polskiego, ukrai\u0144skiego oraz korporacjach mi\u0119dzynarodowych na Ukrainie, tworz\u0105 wzajemnie wspieraj\u0105ce si\u0119 \u015brodowisko. Budujemy relacje oraz wspieramy rozw\u00f3j dzia\u0142alno\u015bci gospodarczej w oparciu o warto\u015bci oraz zasady etyki biznesowej i wzajemnego poszanowania. Siedziba naszego Stowarzyszenia jest najcz\u0119\u015bciej odwiedzan\u0105\u00a0polsk\u0105 plac\u00f3wk\u0105 w Kijowie, w kt\u00f3rej ka\u017cdy mo\u017ce uzyska\u0107 niezb\u0119dne informacje i\u00a0otrzyma\u0107 mo\u017cliw\u0105 pomoc.<\/span><\/p>\n<p style=\"text-align: justify;\"><span style=\"color: #000000;\"><strong>Nasza misja:<\/strong><\/span><\/p>\n<p style=\"text-align: justify;\"><span style=\"color: #000000;\">Podejmowanie i wspieranie wszelkich dzia\u0142a\u0144 maj\u0105cych na celu zwi\u0119kszenie wymiany gospodarczej i obrotu towarowego pomi\u0119dzy Polsk\u0105 i Ukrain\u0105. Wzmacnianie pozycji naszych cz\u0142onk\u00f3w, ochrona i reprezentacja ich interes\u00f3w, popieranie rozwoju przedsi\u0119biorczo\u015bci, gospodarki i kultury.<\/span><\/p>\n<p style=\"text-align: justify;\"><span style=\"color: #000000;\"><strong>Cele:<\/strong><\/span><\/p>\n<ul style=\"list-style-type: circle;\">\n<li style=\"text-align: justify;\"><span style=\"color: #000000;\">umacnianie pozycji polskiego przedsi\u0119biorcy na rynku ukrai\u0144skim<\/span><\/li>\n<li style=\"text-align: justify;\"><span style=\"color: #000000;\">niesienie pomocy nowo powstaj\u0105cym przedsi\u0119biorstwom polskim na Ukrainie<\/span><\/li>\n<li style=\"text-align: justify;\"><span style=\"color: #000000;\">tworzenie polskiego lobby na Ukrainie<\/span><\/li>\n<li style=\"text-align: justify;\"><span style=\"color: #000000;\">usuwanie przeszk\u00f3d i zagro\u017ce\u0144 wp\u0142ywaj\u0105cych na polsk\u0105 aktywno\u015b\u0107 gospodarcz\u0105 na Ukrainie.<\/span><\/li>\n<\/ul>\n","protected":false},"excerpt":{"rendered":"<p>Stowarzyszenie jest platform\u0105, w oparciu o kt\u00f3r\u0105 Polacy, pracuj\u0105cy w sp\u00f3\u0142kach z\u00a0udzia\u0142em kapita\u0142u polskiego, ukrai\u0144skiego oraz korporacjach mi\u0119dzynarodowych na Ukrainie, tworz\u0105 wzajemnie wspieraj\u0105ce si\u0119 \u015brodowisko. Budujemy relacje oraz wspieramy rozw\u00f3j dzia\u0142alno\u015bci gospodarczej w oparciu o warto\u015bci oraz zasady etyki biznesowej i wzajemnego poszanowania. Siedziba naszego Stowarzyszenia jest najcz\u0119\u015bciej odwiedzan\u0105\u00a0polsk\u0105 plac\u00f3wk\u0105 w Kijowie, w kt\u00f3rej ka\u017cdy [&hellip;]<\/p>\n","protected":false},"author":3,"featured_media":0,"parent":0,"menu_order":0,"comment_status":"closed","ping_status":"closed","template":"","meta":{"_acf_changed":false,"footnotes":""},"class_list":["post-12705","page","type-page","status-publish","hentry"],"acf":[],"_links":{"self":[{"href":"https:\/\/msppu.org.ua\/pl\/wp-json\/wp\/v2\/pages\/12705","targetHints":{"allow":["GET"]}}],"collection":[{"href":"https:\/\/msppu.org.ua\/pl\/wp-json\/wp\/v2\/pages"}],"about":[{"href":"https:\/\/msppu.org.ua\/pl\/wp-json\/wp\/v2\/types\/page"}],"author":[{"embeddable":true,"href":"https:\/\/msppu.org.ua\/pl\/wp-json\/wp\/v2\/users\/3"}],"replies":[{"embeddable":true,"href":"https:\/\/msppu.org.ua\/pl\/wp-json\/wp\/v2\/comments?post=12705"}],"version-history":[{"count":0,"href":"https:\/\/msppu.org.ua\/pl\/wp-json\/wp\/v2\/pages\/12705\/revisions"}],"wp:attachment":[{"href":"https:\/\/msppu.org.ua\/pl\/wp-json\/wp\/v2\/media?parent=12705"}],"curies":[{"name":"wp","href":"https:\/\/api.w.org\/{rel}","templated":true}]}}