{"id":12450,"date":"2020-01-14T15:36:50","date_gmt":"2020-01-14T13:36:50","guid":{"rendered":"https:\/\/msppu.org.ua\/?page_id=12450"},"modified":"2020-01-28T15:19:49","modified_gmt":"2020-01-28T13:19:49","slug":"plan-dzialalnosci-2019","status":"publish","type":"page","link":"https:\/\/msppu.org.ua\/pl\/dzialalnosc-msppu-2\/plan-dzialalnosci-2019\/","title":{"rendered":"Sprawozdanie z dzia\u0142alno\u015bci 2018"},"content":{"rendered":"<p><strong>Sprawozdanie z dzia\u0142alno\u015bci MSPPU za rok 2018<\/strong><\/p>\n<p>W roku 2018 MSPPU by\u0142o wsp\u00f3\u0142organizatorem i uczestnikiem szeregu spotkaniach, konferencji i posiedze\u0144. Spotkania te mia\u0142y ogromne znaczenia w budowaniu \u015bci\u015blejszych zwi\u0105zk\u00f3w mi\u0119dzy Polsk\u0105 i Ukrain\u0105, poprzez aktywn\u0105 wsp\u00f3\u0142prac\u0119 na p\u0142aszczy\u017anie jak spo\u0142ecznej tak i gospodarczej.<\/p>\n<ul>\n<li><strong>01.2018 \u2013 <\/strong>uroczyste obchody 155-tej rocznicy Powstania Styczniowego w muzeum \u201cTwierdza Kijowska\u201d w programie pokaz filmu \"Powstanie Styczniowe\", ods\u0142oni\u0119cie tablicy pami\u0105tkowej po\u015bwi\u0119conej W\u0142adys\u0142awowi i Zygmuntowi Padlewskim, z\u0142o\u017cenie kwiat\u00f3w pod Krzy\u017cem Ofiar Powstania Styczniowego, Wyst\u0105pienia Ambasadora RP na Ukrainie, Zast\u0119pcy mera Kijowa, Ambasadora Litwy na Ukrainie, pocz\u0119stunek w powsta\u0144czej stylizacji;<\/li>\n<li><strong>22-24.02.2018 - <\/strong>XIII spotkanie robocze w sprawie renowacji d. Obserwatorium Astronomicznego UW na g\u00f3rze Pip Iwan w Mikuliczynie;<\/li>\n<li><strong>03.2018 \u2013 <\/strong>udzia\u0142 w Forum Ekonomicznym \u201ePolsko-ukrai\u0144ska wsp\u00f3\u0142praca w ramach promocji \u0142\u00f3dzkiego regionu\u201d (Kij\u00f3w);<\/li>\n<li><strong>05.2018 - <\/strong>IX Forum Mi\u0119dzynarodowe \u00abDzie\u0144 Ukrai\u0144skiego Biznesu\u00bb w Warszawie, g\u0142\u00f3wnym celem kt\u00f3rego by\u0142o stworzenie platformy wymiany pomys\u0142\u00f3w i idei, nawi\u0105zywanie wsp\u00f3\u0142pracy mi\u0119dzy oboma krajami i wspieranie zwi\u0119kszenia nap\u0142ywu bezpo\u015brednich inwestycji zagranicznych do Ukrainy;<\/li>\n<li><strong>28-29.07.2018<\/strong>\u00a0- w Werchowynie odby\u0142a si\u0119 uroczysto\u015b\u0107 z okazji jubileuszu 80-lecia otwarcia w dniu 29 lipca 1938 roku Obserwatorium Astronomiczno-Meteorologicznego Uniwersytetu Warszawskiego Im. Marsza\u0142ka J\u00f3zefa Pi\u0142sudskiego na g\u00f3rze Pop Iwan w Czarnohorze. Obchodom, zorganizowanym przez Studium Europy Wschodniej UW i Przykarpacki Uniwersytet Narodowy im. Wasyla Stefanyka patronat\u00f3w udzielili wicepremier, minister kultury i dziedzictwa narodowego RP Piotr Gli\u0144ski i wicepremier, minister nauki i szkolnictwa wy\u017cszego RP Jaros\u0142aw Gowin;<\/li>\n<li><strong>09.2018 - <\/strong>III Forum Gospodarczy Polonii \u015awiata w Tarnowie\u00a0 wyr\u00f3\u017cnienie nagrod\u0105 \u201eOr\u0142a Biznesu Polonii \u015awiata\u201d;<\/li>\n<li><strong>09.2018<\/strong>. - spotkanie w Ambasadzie RP w Kijowie z przedstawicielem Banku \u015awiatowego. kt\u00f3ry zajmuje si\u0119 tematyk\u0105 kredyt\u00f3w i przetarg\u00f3w na Ukrainie;<\/li>\n<li><strong>10-11.11.2018<\/strong>\u00a0- Uroczysto\u015bci z okazji 100. Rocznicy odzyskania przez Rzeczpospolit\u0105 Polsk\u0105 Niepodleg\u0142o\u015bci:<\/li>\n<li>10 listopada 2018 r. Muzeum \u201eTwierdza Kijowska\u201d z\u0142o\u017cenie kwiat\u00f3w pod odnowionym Krzy\u017cem Powsta\u0144c\u00f3w Styczniowych, uroczysto\u015bci w Sali Kominkowej, na placu przed Twierdz\u0105 Kijowsk\u0105 zosta\u0142o u\u0142o\u017cone ze zniczy God\u0142o RP (projekt ART Lend) wsp\u00f3lne wykonanie Hymnu pa\u0144stwowego RP Udzia\u0142 ch\u00f3ru, uhonorowanie nagrod\u0105 \u201eZas\u0142u\u017cony dla Kultury Polskiej\u201d<\/li>\n<li>11 listopada 2018 r. z\u0142o\u017cenie kwiat\u00f3w na mogile \u017co\u0142nierzy 1 Dywizji Piechoty Legion\u00f3w (Cmentarz Bajkowy), uroczysto\u015bci na terytorium Memoria\u0142u w Kijowie-Bykowni Z\u0142o\u017cenie wie\u0144ca na Polskim Cmentarzu Wojennym, Msza \u015awi\u0119ta w intencji Ojczyzny w katedrze \u015aw. Aleksandra, uroczysta premiera opery \u201eManru\u201d I. Paderewskiego, Narodowa Opera Kijowska;<\/li>\n<li><strong>11.2018<\/strong>\u00a0- IX Forum Mi\u0119dzynarodowe \u201cDni Polskiego Biznesu na Ukrainie\u201c<\/li>\n<li><strong>22-23.11.2018 -\u00a0<\/strong>Konferencja Polskiego Biznesu zorganizowana przez Kongres Polak\u00f3w w Republice Czeskiej (KPwRC);<\/li>\n<li><strong>11.2018 -\u00a0<\/strong>Posiedzenie polskiej cz\u0119\u015bci Polsko-Ukrai\u0144skiego Forum Partnerstwa pod przewodnictwem Jana Malickiego (Kij\u00f3w)<\/li>\n<li><strong>13-14.12.2018<\/strong>\u00a0- Spotkanie Lider\u00f3w Polonijnych \u015arodkowej i Wschodniej Ukrainy wsp\u00f3lnie z Federacj\u0105 Organizacji Polskich na Ukrainie Dom Polski w Kijowie w ramach projektu Fundacji \u201ePomoc Polakom na Wschodzie\u201d.<\/li>\n<\/ul>\n<p><strong><u>\u00a0<\/u><\/strong><\/p>\n<p><strong><u>MSPPU by\u0142o organizatorem lub wsp\u00f3\u0142organizatorem seminari\u00f3w oraz biznes-\u015bniada\u0144:<\/u><\/strong><\/p>\n<ul>\n<li><strong>03.2018 -\u00a0<\/strong>seminarium informacyjne pt. \u00abZmiany ustawodawcze 2018\u00bb z udzia\u0142em przedstawicieli Firmy Prawniczej Aljans Ratuszniak \u0456 Partnerzy i Firmy Audytorskiej Crowe Horwath AC Ukraine;<\/li>\n<li><strong>04.2018 - <\/strong>seminarium informacyjne pt. \u00abPraktyka zam\u00f3wie\u0144 publicznych na Ukrainie. Problemowe aspekty dla ukrai\u0144skich i polskich firm\u00bb z udzia\u0142em przedstawicieli PLP Law Group oraz \"\u0415-Tender\";<\/li>\n<li><strong>04.2018 - <\/strong>seminarium informacyjne pt. \u00abNowa ustawa Ukrainy O sp\u00f3\u0142kach z ograniczon\u0105 i dodatkow\u0105 odpowiedzialno\u015bci\u0105\u00bb z udzia\u0142em PLP Group;<\/li>\n<li><strong>06.2018 \u2013 <\/strong>\u015bniadanie biznesowe dla cz\u0142onk\u00f3w MSPPU z przedstawicielami Zagranicznego Biura Handlowego (ZBH) na Ukrainie Polskiej Agencji Inwestycji i Handlu S.A.;<\/li>\n<li><strong>12.201<\/strong><strong>8<\/strong>\u00a0- \u015aniadanie biznesowe wsp\u00f3lnie z Zagranicznym Biurem Handlowym w Kijowie Polskiej Agencji Inwestycji i Handlu S.A pt. \u00abNowe wymagania w zakresie zarz\u0105dzania i kontroli nad dzia\u0142alno\u015bci\u0105 sp\u00f3\u0142ki. Uprawnienia, odpowiedzialno\u015b\u0107 i ryzyka. Aspekty podatkowe oraz innowacje\u00bb z udzia\u0142em przedstawicieli Firmy Prawniczej Aljans Ratuszniak \u0456 Partnerzy.<\/li>\n<\/ul>\n<p><strong><u>\u00a0<\/u><\/strong><\/p>\n<p><strong><u>Wsp\u00f3lnie z Ambasad\u0105 RP w Kijowie organizowali\u015bmy:<\/u><\/strong><\/p>\n<ul>\n<li><strong>03.2018<\/strong>\u00a0- \u015awi\u0105teczne spotkanie Wielkanocne;<\/li>\n<li><strong>19-28.06.2018<\/strong> - Wsp\u00f3lny przegl\u0105d meczy i kibicowanie polskiej dru\u017cyn\u0448\u0443 w Mistrzostwach \u015awiata 2018;<\/li>\n<li><strong>06.2018 -\u00a0<\/strong>\u015awi\u0119towanie Dnia Dziecka;<\/li>\n<li><strong>10-11.11.2018<\/strong> - Uroczysto\u015bci z okazji Narodowego \u015awi\u0119ta Niepodleg\u0142o\u015bci;<\/li>\n<li><strong>12.2018<\/strong>\u00a0- XXV \u015awi\u0105teczny Bazar Charytatywny;<\/li>\n<li><strong>12.2018 -\u00a0<\/strong>Spotkanie Wigilijne w budynku Ambasady RP w Kijowie.<\/li>\n<\/ul>\n<p>Prace zwi\u0105zane z odbudow\u0105 Polsko-Ukrai\u0144skiej Stacji Ratownictwa G\u00f3rskiego (system oczyszczenia kanalizacji) zosta\u0142y sfinansowane ze \u015brodk\u00f3w Ambasady RP w Kijowie.<\/p>\n<p>Cykl lekcji pt. \u00abP\u0118D \u017bYCIA: SZTUKA POLSKA W OKRESIE DWUDZIESTOLECIA MI\u0118DZYWOJENNEGO\u00bb wsp\u00f3lnie z Wydzia\u0142em Konsularnym Ambasady RP w Kijowie.<\/p>\n<p>Spotkanie Lider\u00f3w Polonijnych \u015arodkowej i Wschodniej Ukrainy (13-14 grudnia 2018) oraz spotkania okoliczno\u015bciowe wsp\u00f3lnie z Federacj\u0105 Organizacji Polskich na Ukrainie Dom Polski w Kijowie.<\/p>\n<p><strong><u>\u00a0<\/u><\/strong><\/p>\n<p><strong><u>R\u00f3wnie\u017c zrealizowano nast\u0119puj\u0105ce projekty ze \u015brodk\u00f3w Fundacji Pomocy Polakom na Wschodzie:<\/u><\/strong><\/p>\n<ul>\n<li>Narz\u0119dzia i techniki poprawy efektywno\u015bci, kreatywno\u015bci i motywacji grup szkoleniowych (5 lekcji, pa\u017adziernik 2018r.);<\/li>\n<li>Obchody rocznicy Powstania Styczniowego w Muzeum Narodowym \u201eTwierdza Kijowska\u201d;<\/li>\n<li>Opieka nad cmentarzem Bajkowa w Kijowie.<\/li>\n<\/ul>\n<p><strong><u>\u00a0<\/u><\/strong><\/p>\n<p><strong><u>Do grona cz\u0142onk\u00f3w MSPPU w roku 2018 zosta\u0142y przyj\u0119te sp\u00f3\u0142ki: <\/u><\/strong><\/p>\n<ul>\n<li>SDM Partners, Skiwak, Unimot Ukraina, Skybudvector, Polyflor Ukraina, Galeco, Artel, Techimpex, Merkator Medical<\/li>\n<\/ul>\n","protected":false},"excerpt":{"rendered":"<p>Sprawozdanie z dzia\u0142alno\u015bci MSPPU za rok 2018 W roku 2018 MSPPU by\u0142o wsp\u00f3\u0142organizatorem i uczestnikiem szeregu spotkaniach, konferencji i posiedze\u0144. Spotkania te mia\u0142y ogromne znaczenia w budowaniu \u015bci\u015blejszych zwi\u0105zk\u00f3w mi\u0119dzy Polsk\u0105 i Ukrain\u0105, poprzez aktywn\u0105 wsp\u00f3\u0142prac\u0119 na p\u0142aszczy\u017anie jak spo\u0142ecznej tak i gospodarczej. 01.2018 \u2013 uroczyste obchody 155-tej rocznicy Powstania Styczniowego w muzeum \u201cTwierdza Kijowska\u201d [&hellip;]<\/p>\n","protected":false},"author":3,"featured_media":0,"parent":7022,"menu_order":0,"comment_status":"closed","ping_status":"closed","template":"","meta":{"_acf_changed":false,"footnotes":""},"class_list":["post-12450","page","type-page","status-publish","hentry"],"acf":[],"_links":{"self":[{"href":"https:\/\/msppu.org.ua\/pl\/wp-json\/wp\/v2\/pages\/12450","targetHints":{"allow":["GET"]}}],"collection":[{"href":"https:\/\/msppu.org.ua\/pl\/wp-json\/wp\/v2\/pages"}],"about":[{"href":"https:\/\/msppu.org.ua\/pl\/wp-json\/wp\/v2\/types\/page"}],"author":[{"embeddable":true,"href":"https:\/\/msppu.org.ua\/pl\/wp-json\/wp\/v2\/users\/3"}],"replies":[{"embeddable":true,"href":"https:\/\/msppu.org.ua\/pl\/wp-json\/wp\/v2\/comments?post=12450"}],"version-history":[{"count":0,"href":"https:\/\/msppu.org.ua\/pl\/wp-json\/wp\/v2\/pages\/12450\/revisions"}],"up":[{"embeddable":true,"href":"https:\/\/msppu.org.ua\/pl\/wp-json\/wp\/v2\/pages\/7022"}],"wp:attachment":[{"href":"https:\/\/msppu.org.ua\/pl\/wp-json\/wp\/v2\/media?parent=12450"}],"curies":[{"name":"wp","href":"https:\/\/api.w.org\/{rel}","templated":true}]}}